{"id":3139,"date":"2022-03-11T23:26:22","date_gmt":"2022-03-11T23:26:22","guid":{"rendered":"https:\/\/radiosucumbios.org.ec\/?page_id=3139"},"modified":"2023-05-04T17:44:48","modified_gmt":"2023-05-04T17:44:48","slug":"informe-rendicion-de-cuentas-2021-de-radio-sucumbios","status":"publish","type":"page","link":"https:\/\/radiosucumbios.org.ec\/?page_id=3139","title":{"rendered":"INFORME RENDICI\u00d3N DE CUENTAS 2021"},"content":{"rendered":"\n<figure class=\"wp-block-image size-large\"><img loading=\"lazy\" decoding=\"async\" width=\"730\" height=\"1024\" src=\"https:\/\/radiosucumbios.org.ec\/wp-content\/uploads\/2022\/04\/certificado_rendicion_decuentas-730x1024.jpeg\" alt=\"\" class=\"wp-image-3241\" srcset=\"https:\/\/radiosucumbios.org.ec\/wp-content\/uploads\/2022\/04\/certificado_rendicion_decuentas-730x1024.jpeg 730w, https:\/\/radiosucumbios.org.ec\/wp-content\/uploads\/2022\/04\/certificado_rendicion_decuentas-214x300.jpeg 214w, https:\/\/radiosucumbios.org.ec\/wp-content\/uploads\/2022\/04\/certificado_rendicion_decuentas-768x1078.jpeg 768w, https:\/\/radiosucumbios.org.ec\/wp-content\/uploads\/2022\/04\/certificado_rendicion_decuentas-1094x1536.jpeg 1094w, https:\/\/radiosucumbios.org.ec\/wp-content\/uploads\/2022\/04\/certificado_rendicion_decuentas.jpeg 1140w\" sizes=\"auto, (max-width: 730px) 100vw, 730px\" \/><\/figure>\n\n\n\n<p class=\"has-text-align-center\"><strong>SECRETARIA<\/strong><\/p>\n\n\n\n<p>Se realiz\u00f3 anuncios de comunicados convocatorias, a instituciones educativas, comunidades cristianas, saludos personales, con un total de 80 avisos sin costo alguno.<\/p>\n\n\n\n<p>Durante el a\u00f1o fiscal 2021, se ha recibido un total de 100 invitaciones, en las que constan como: coberturas, ruedas de prensa, aniversarios de comunidades, boletines de prensa, etc.<\/p>\n\n\n\n<p>Se realiza la facturaci\u00f3n mensual de todos los clientes que pautan en la radio, mercado local, instituciones.<\/p>\n\n\n\n<p>Revisi\u00f3n diaria del control de pauta, envi\u00f3 de soporte a las agencias.<\/p>\n\n\n\n<p class=\"has-text-align-center\"><strong>PROGRAMA CONTACTO DEPORTIVO<\/strong><\/p>\n\n\n\n<p><strong>TRANSMISIONES DEPORTIVAS 2021<\/strong><\/p>\n\n\n\n<p>Pese a la de presencia de la pandemia del covid 19, realizamos nuestro programa de manera ininterrumpida durante todo el a\u00f1o, no as\u00ed las transmisiones en vivo que se suspendieron en todo nuestro pa\u00eds, retomando las mismas el mes de junio.<\/p>\n\n\n\n<p><strong>Detalle de las transmisiones 2012:<\/strong><\/p>\n\n\n\n<p>4 cotejos de la selecci\u00f3n ecuatoriana en copa Am\u00e9rica (desde los estudios de la radio).<\/p>\n\n\n\n<p>18. cotejos de semifinales y finales de diferentes disciplinas deportivas, en diferentes ligas del cant\u00f3n y la provincia.<\/p>\n\n\n\n<p>6 cotejos del campeonato nacional de futbol senior Chimborazo 2021.<\/p>\n\n\n\n<p>7 cotejos del campeonato nacional de indorfutbol femenino y masculino bol\u00edvar 2021.<\/p>\n\n\n\n<p>6 cotejos del campeonato nacional de basquet masculino Sucumb\u00edos 2021.<\/p>\n\n\n\n<p>6 cotejos del campeonato nacional de futbol senior Tungurahua 2021.<\/p>\n\n\n\n<p>Visita a diferentes ligas cantonales del deporte formativo, barrial y comunidades, realizando programas en vivo.<\/p>\n\n\n\n<p class=\"has-text-align-center\"><strong>MERCADEO<\/strong><\/p>\n\n\n\n<p>Desde el \u00e1rea de mercadeo realizamos la venta de publicidad al mercado comercial, mediante la presentaci\u00f3n de paquetes publicitarios, el cual contamos con diferentes costos para todo p\u00fablico, peque\u00f1a, mediana y grandes empresas, bonificamos a nuestros clientes con la publicidad radial y con publicidad digital en nuestra plataforma de facebook, logrando llegar as\u00ed a todo p\u00fablico, haciendo que la publicidad sea m\u00e1s efectiva, tanto para los oyentes y los cibernautas.<\/p>\n\n\n\n<p>Se gestiona venta de auspicios para los eventos que organiza el medio de comunicaci\u00f3n: pasillos, coplas carnavales, fiestas de la radio, entre otros, logrando as\u00ed cubrir con los gastos que genera los mismos eventos.<\/p>\n\n\n\n<p>Desde mercadeo se entrega propuestas a las instituciones p\u00fablicas y agencias, damos seguimiento hasta lograr captar ingresos para cubrir con gastos generados por el medio.<\/p>\n\n\n\n<p class=\"has-text-align-center\"><strong>\u00c1REA PASTORAL<\/strong><\/p>\n\n\n\n<p>Dentro del \u00c1rea Pastoral de la radio se tiene presente todas las actividades que se desprenden del calendario lit\u00fargico, que es amplio y se crean productos que responden a dicho calendario. Hay actividades que se mantienen a\u00f1o tras a\u00f1o, pero tambi\u00e9n otras que surgen en el a\u00f1o en curso y se las trata en los diferentes espacios; estas puedes ser de car\u00e1cter religioso, social, cultural, pol\u00edtico hasta deportivo.<\/p>\n\n\n\n<p>Al finalizar el a\u00f1o 2021 se intent\u00f3 recuperar el concurso de VILLANCICOS que por la pandemia ha sido suspendido y obtuvimos una significativa respuesta, aunque puertas adentro.&nbsp; Cabe destacar en esta actividad y otras similares se ha logrado la interacci\u00f3n de diversos actores que muestran el cari\u00f1o y la confianza a este medio de comunicaci\u00f3n, lo que nos motiva a continuar buscando nuevos espacios de participaci\u00f3n.<\/p>\n\n\n\n<p><strong>30 MINUTOS CON FRANCISCO<\/strong>. &#8211; En el 2021 dentro de la comisi\u00f3n de Formaci\u00f3n de nuestro vicariato surgi\u00f3 la idea de realizar un programa que responda a la necesidad de difundir los documentos del Papa Francisco sobre todo Laudato Si, mismo que se puso en marcha desde marzo.&nbsp; Es un producto de 30 minutos que se difunde en el programa DIOS CON NOSOTROS, escrita por los participantes de esta comisi\u00f3n (Hno. Andr\u00e9s Miranda, Hna., Dolores Mora, Hno. Tiberio) y producido por Jos\u00e9 Ca\u00f1ar.<\/p>\n\n\n\n<p><strong>ECOS DE LA AMAZON\u00cdA<\/strong>. &#8211; Con la finalidad mantener informada a Amazon\u00eda ecuatoriana, los comunicadores de los vicariatos de la REPAM \u2013 Ecuador, hemos creado un bolet\u00edn informativo semanal de 10 minutos con noticias eclesiales y ecol\u00f3gicas de la regi\u00f3n.&nbsp;&nbsp;<\/p>\n\n\n\n<p>En el 2021 tambi\u00e9n se cre\u00f3 dos nuevos segmentos dentro del programa LAS VOCES DEL PUEBLO DE DIOS que se difunde de lunes a viernes.&nbsp; Los martes est\u00e1 dedicado al trabajo del servicio de Movilidad Humana de la Pastoral Social \u2013 C\u00e1ritas de Sucumb\u00edos con la Abg. Zoraida L\u00f3pez (UN CAMINAR CON ESPERANZA), programa de 45 minutos que tiene continuidad en el presente a\u00f1o.&nbsp;<\/p>\n\n\n\n<p>Los jueves se dedic\u00f3 un segmento al Jubileo de IQUITOS e ISAMIS por los 50 a\u00f1os de caminar de estas iglesias hermanas, bajo la conducci\u00f3n del Padre Edgar Pinos y en relaci\u00f3n con la Vigilia Permanente en el trabajo social.&nbsp; El segmento fue de 45 minutos y concluy\u00f3 definitivamente a cierre del 2021.<\/p>\n\n\n\n<p class=\"has-text-align-center\"><strong>RADIO REVISTA<\/strong> <strong>\u201cMACHETES Y GARABATOS\u201d<\/strong><\/p>\n\n\n\n<p><strong>OBJETIVO GENERAL:<\/strong> Promover la participaci\u00f3n activa de los distintos actores y sectores sociales, en la&nbsp; b\u00fasqueda de propuestas alternativas de los principales problemas que se presentan en nuestro medio con particular atenci\u00f3n en la parte \u201cagropecuaria\u201d.<\/p>\n\n\n\n<p>Durante el a\u00f1o 2021, se trasmiti\u00f3 226 programas radiales de 18h30 a 19h30pm con temas agr\u00edcolas de lunes a viernes, en el programa se contado con la presencia 49 t\u00e9cnicos en vivo y entrevistas pre-grabadas a los agricultores de 142 comunidades rurales aproximadamente de las provincias de Sucumb\u00edos y Orellana.<\/p>\n\n\n\n<p>Tambi\u00e9n en el a\u00f1o 2021 se colabor\u00f3 con 201 programas radiales para ser trasmitidos por la <strong>RED CORAPE SATELITAL<\/strong> de la ciudad de Quito, dicho programas son relacionado con temas agr\u00edcolas, presencia de t\u00e9cnicos y entrevistas a los agricultores de las comunidades rurales de las provincias de Sucumb\u00edos y Orellana.<\/p>\n\n\n\n<p>Radio Sucumb\u00edos 105.3FM, su compa\u00f1era solidaria realizo el 15 de mayo del 2021 la celebraci\u00f3n en honor al tercer aniversario del \u201cD\u00eda del agricultor\u201d con la presencia de agricultores de organizaciones campesinas de la provincia.<\/p>\n\n\n\n<p>En el segundo aniversario DEL AGRICULTOR, se realiz\u00f3 tres actividades, por ejemplo, el concurso de los emprendimientos en las categor\u00edas naciente y en marcha con la presencia 25 participantes y el concurso de la canci\u00f3n in\u00e9dita en donde participaron 19 concursantes quienes escribieron la canci\u00f3n con temas relacionados a las actividades que el agricultor desarrolla en el campo.<\/p>\n\n\n\n<p>Otras de las actividades que se realiz\u00f3 desde el programa Machetes y Garabatos de Radio Sucumb\u00edos, fue el 2do homenaje en honor al D\u00eda internacional de la <strong>\u201cMUJER RURAL\u201d<\/strong>, fecha que se celebr\u00f3 el 15 de octubre, en donde participaron mujeres campesinas en los siguientes concursos como;<\/p>\n\n\n\n<p>mazorca de ma\u00edz m\u00e1s grande, mazorca de cacao m\u00e1s grande, racima de pl\u00e1tano dominico mas grande, yuca m\u00e1s grande, rama de caf\u00e9 m\u00e1s grande, papaya m\u00e1s grande, gallo m\u00e1s grande, gallo m\u00e1s peque\u00f1o, y la picada de le\u00f1a entre otros concursos.<\/p>\n\n\n\n<p class=\"has-text-align-center\"><strong>DIRECCION GENERAL<\/strong><\/p>\n\n\n\n<p>Se construyo las torres y casetas de las repetidoras de Cuyabeno y Putumayo<\/p>\n\n\n\n<p>Se present\u00f3 un proyecto a la organizaci\u00f3n Acci\u00f3n Aragonesa de Espa\u00f1a, por 86 mil d\u00f3lares<\/p>\n\n\n\n<p>Se gestion\u00f3 con la prefectura de Sucumb\u00edos, una pauta de 7 mil d\u00f3lares<\/p>\n\n\n\n<p>Con la alcald\u00eda de Cuyabeno, se lleg\u00f3 a un acuerdo que apoyar\u00edan en a\u00f1o 2022<\/p>\n\n\n\n<p>La alcald\u00eda de Shushufindi apoy\u00f3 con algunas pautas en cierre del a\u00f1o 2021<\/p>\n\n\n\n<p>Se presento un proyecto a la organizaci\u00f3n Internws, de Reino Unido, por un monto de 10 mil euros, para gasto administrativo<\/p>\n\n\n\n<p>En Acci\u00f3n Aragonesa de Espa\u00f1a se present\u00f3 un proyecto por 15 mil euros, compra de computadoras&nbsp;<\/p>\n\n\n\n<p>Se volvi\u00f3 a presentar un nuevo proyecto a Internws por 15 mil d\u00f3lares, para producci\u00f3n de productos comunicacionales sobre el Covid 19<\/p>\n\n\n\n<p>En coordinaci\u00f3n con ALER se present\u00f3 un proyecto a manos unidas de Espa\u00f1a, para producciones radiales sobre \u201cquerida Amazon\u00eda\u201d&nbsp; recibiremos el pago en equipos<\/p>\n\n\n\n<p>Se elabor\u00f3 un proyecto a SIGNIS por 17 mil d\u00f3lares, compra equipos, consola, UPS, micr\u00f3fonos<\/p>\n\n\n\n<p>En agosto de este a\u00f1o nos lleg\u00f3 la buena noticia que nos aprobaron un proyecto que fue enviado en el a\u00f1o 2019 a la Arquidi\u00f3cesis de COLONIA en Alemania, para el montaje de las dos repetidoras en Putumayo y Cuyabeno, por un monto de 20 mil euros<\/p>\n\n\n\n<p>Producci\u00f3n de programas, di\u00e1logos p\u00fablicos, Amazon\u00eda en Contacto, reportajes, DDHH, ambiente, covid 19<\/p>\n\n\n\n<p>Con el proyecto Di\u00e1logos P\u00fablicos, se logr\u00f3 conseguir un kit t\u00e9cnico, que consiste en un celular, una bater\u00eda, un aud\u00edfono, un estabilizador, un tripode, en proceso de adquisici\u00f3n un micr\u00f3fono inal\u00e1mbrico financiado por Internws<\/p>\n\n\n\n<p>Con ALER trabajamos un peque\u00f1o proyecto de cuatro reportajes, se han hecho tres, falta uno, por un monto de 400 d\u00f3lares<\/p>\n\n\n\n<p>Con ACNUR se logr\u00f3 hacer un convenio de apoyo econ\u00f3mico para la producci\u00f3n de una canci\u00f3n vacunas Covid 19 para poblaci\u00f3n migrante y una campa\u00f1a de mensajes educativos<\/p>\n\n\n\n<p>Se sac\u00f3 materiales de ferreter\u00eda Ambato, otros se compraron y se pag\u00f3 la mano de obra para realizar el trabajo (150), se habilit\u00f3 duchas y ba\u00f1os<\/p>\n\n\n\n<p>Se han renovado dos computadoras, en la cabina y la producci\u00f3n (Wilmer) el aire esta funcional<\/p>\n\n\n\n<p>Participaci\u00f3n Nazario, Tony Milton en taller de coberturas m\u00f3vil organizado por el gad Lago Agrio<\/p>\n\n\n\n<p>Participaci\u00f3n de Jos\u00e9 Ca\u00f1ar en taller sobre redes digitales, organizado por Corape en Ibarra<\/p>\n\n\n\n<p>Desarrollo del taller con comunicadores comunitarios, dictado por Corape<\/p>\n\n\n\n<p>Taller Jos\u00e9 Ca\u00f1ar-V\u00edctor G\u00f3mez, di\u00e1logos p\u00fablicos Corape<\/p>\n\n\n\n<p>Participaci\u00f3n de Celso y Klever, taller frontero en Ibarra<\/p>\n\n\n\n<p>Viviana, Roc\u00edo y V\u00edctor en taller de administraci\u00f3n de Fundamedios<\/p>\n\n\n\n<p>Nazario en taller de temas de g\u00e9nero en Fundamedios<\/p>\n\n\n\n<p>Taller sobre monitoreo a amenazas a la libertad de expresi\u00f3n de Am\u00e9rica Latina, V\u00edctor G\u00f3mez<\/p>\n\n\n\n<p class=\"has-text-align-center\"><strong>DIRECCI\u00d3N DE PROGRAMACI\u00d3N<\/strong><\/p>\n\n\n\n<p>Programas dirigidos a las diferentes audiencias:<\/p>\n\n\n\n<p>Ind\u00edgenas. &#8211; PROGRAMAS JATARISHUNCHIK Y ALLI MAMA<\/p>\n\n\n\n<p>Afros. &#8211; PROGRAMA VOCES Y JOLGORIOS<\/p>\n\n\n\n<p>Ni\u00f1os. &#8211; PROGRAMA PALABRITAS TIERNAS<\/p>\n\n\n\n<p>J\u00f3venes. &#8211; CIEN POR CIENTO JOVEN<\/p>\n\n\n\n<p>Campesinos. &#8211; MACHETES Y GARABATOS<\/p>\n\n\n\n<p>Colonias. &#8211; LA VOZ DE LOJA EN SUCUMBIOS (lojanos)<\/p>\n\n\n\n<p>Deportes. &#8211; CONTACTO DEPORTIVO<\/p>\n\n\n\n<p>Familiar. &#8211; MA\u00d1ANAS INTERACTIVAS<\/p>\n\n\n\n<p>Informativo. &#8211; EL COMUNICADOR<\/p>\n\n\n\n<p>Mujeres. &#8211; EL JARDIN DE LA SALUD (FMS)<\/p>\n\n\n\n<p>Acad\u00e9micos. &#8211; LA TERCERA ORILLA DEL RIO (UNAE)<\/p>\n\n\n\n<p>Espacio: fomento musical Nacional. &#8211; PASILLOS Y ALGO MAS<\/p>\n\n\n\n<p>Motivaci\u00f3n-emprendimientos. &#8211; PROGRAMA LO QUE PASO PAS\u00d3<\/p>\n\n\n\n<p>Ambiente. &#8211; PROGRAMA VOCES Y JUSTICIA<\/p>\n\n\n\n<p>Temas de frontera: movilidad humana, desplazamiento, migraci\u00f3n, conflicto&#8230;- PROGRAMA TU VOZ EN LA FRONTERA<\/p>\n\n\n\n<p>Servicios sociales. &#8211; ESPACIOS DE COMUNICADOS-CARTEROS<\/p>\n\n\n\n<p>Se realiza acompa\u00f1amiento en los diferentes espacios<\/p>\n\n\n\n<p><strong>PROGRAMAS PUNTUALES<\/strong><\/p>\n\n\n\n<p>XXIV concurso virtual de coplas carnavaleras 2021 desarrollado del martes 2 al viernes 12 de febrero en los estudios de radio Sucumb\u00edos y la final el domingo 14 de febrero. Todo se desarroll\u00f3 de manera virtual<\/p>\n\n\n\n<p><strong>DIALOGOS PUBLICOS VIRTUAL CON EL ACOMPA\u00d1AMIENTO DE CORAPE<\/strong><\/p>\n\n\n\n<p>OBJETIVO:&nbsp;&nbsp;&nbsp;&nbsp;&nbsp;&nbsp;&nbsp;<\/p>\n\n\n\n<p>Visibilizar la problem\u00e1tica de contaminaci\u00f3n de las aguas del R\u00eco Orienco y generar opini\u00f3n ciudadana para que la ciudadan\u00eda y&nbsp; autoridades de turno se interesen del tema y apliquen las ordenanzas municipales vigentes, para menorar el alto indise de contaminacion.<\/p>\n\n\n\n<p>FECHA:&nbsp; &nbsp;&nbsp; Viernes 5 de noviembre del 2021<\/p>\n\n\n\n<p>HORA:&nbsp;&nbsp;&nbsp;&nbsp;&nbsp;&nbsp; 8:00 a 09:45.06&nbsp;<\/p>\n\n\n\n<p>TIEMPO:&nbsp;&nbsp; 1:45:06<\/p>\n\n\n\n<ul class=\"wp-block-list\"><li>CONVENIO CON ACNUR<\/li><\/ul>\n\n\n\n<p>Se desarrollo un convenio de difusi\u00f3n de cu\u00f1as y canci\u00f3n de prevenci\u00f3n &nbsp;covid-19 Del 04 de octubre al 31 de diciembre de 2021, de lunes a s\u00e1bado.<\/p>\n\n\n\n<p>CONVENIO FMS.<\/p>\n\n\n\n<p>Convenio de prestaci\u00f3n de servicios entre la federaci\u00f3n de mujeres de sucumb\u00edos y radio sucumb\u00edos del vicariato apost\u00f3lico de Sucumb\u00edos en la tercera temporada de enero a abril del 2021 en un programa de la salud de la mujer denominado el \u201cjard\u00edn de la salud\u201d<\/p>\n\n\n\n<p>Se realiz\u00f3 la cobertura del proceso electoral para presidentes y asamble\u00edstas, con paneles y entrevistas a candidatos generando informaci\u00f3n de sus propuestas y al mismo tiempo opini\u00f3n ciudadana al voto consciente.<\/p>\n\n\n\n<p>EJES TRANSBERSALES PERMANENTES DE LA RADIO<\/p>\n\n\n\n<ul class=\"wp-block-list\"><li>DERECHOS HUMANOS<\/li><li>EQUIDAD DE GENERO<\/li><li>INTERCULTURALIDAD<\/li><li>MOVILIDAD HUMANA<\/li><li>AMBIENTE<\/li><\/ul>\n\n\n\n<p>EJES TEMATICOS 2021<\/p>\n\n\n\n<ul class=\"wp-block-list\"><li>Pol\u00edtico-econ\u00f3mico<\/li><li>Pandemia covid 19<\/li><li>Defensa de la naturaleza<\/li><\/ul>\n\n\n\n<p>CAMPA\u00d1AS<\/p>\n\n\n\n<ul class=\"wp-block-list\"><li>Voto responsable<\/li><li>Prevenci\u00f3n covid 19<\/li><li>Desinformaci\u00f3n redes sociales<\/li><\/ul>\n\n\n\n<p class=\"has-text-align-center\"><strong>\u00c1REA T\u00c9CNICA<\/strong><\/p>\n\n\n\n<p>En el 2021 de a logrado mantener de forma continua en funcionamiento correcto los equipos de enlace y transmisores.<\/p>\n\n\n\n<p>El perfecto funcionamiento del sistema inform\u00e1tico en la planta matriz de la estaci\u00f3n radial<\/p>\n\n\n\n<p>Correcto funcionamiento del sistema el\u00e9ctrico dentro de las instalaciones de la radio y redes que alimentan a los transmisores<\/p>\n\n\n\n<p>Adquisici\u00f3n de nuevos equipos para el mejoramiento de la calidad de trasmisiones que se realiza desde las comunidades Implementaci\u00f3n de las torres en Putumayo y Cuyabeno a trav\u00e9s de gesti\u00f3n para la ampliaci\u00f3n de cobertura.<\/p>\n\n\n\n<p class=\"has-text-align-center\"><strong>NOTICIERO EL COMUNICADOR<\/strong><\/p>\n\n\n\n<figure class=\"wp-block-table\"><table><tbody><tr><td> <strong>&nbsp;<\/strong><\/td><\/tr><tr><td><strong>&nbsp;<\/strong> <strong>META 1: Reforzar &nbsp;el equipo humano de colaboradores en el \u00e1rea de prensa para responder las expectativas de los espacios de noticias<\/strong><strong><\/strong><\/td><\/tr><tr><td><strong>&nbsp;<\/strong> <strong>ACTIVIDADES<\/strong><\/td><td><strong>&nbsp;<\/strong> <strong>CUANDO<\/strong><\/td><td><strong>&nbsp;<\/strong> <strong>RESPONSABLES<\/strong><\/td><\/tr><tr><td>&nbsp; Fortalecer y motivar a los comunicadores comunitarios para que puedan aportar a los espacios de noticias<\/td><td>&nbsp; se logr\u00f3 mantener dos colaboradores Celso Moreta Klever Andy<\/td><td>&nbsp; &nbsp; Alfredo, V\u00edctor, Nazario<\/td><\/tr><tr><td>&nbsp; Buscar, dirigentes o personas l\u00edderes en las comunidades, para establecer fuentes de los temas que sucedan en esos sectores.<\/td><td>&nbsp; Se logr\u00f3 ubicar a 20 dirigentes l\u00edderes de sus comunidades<\/td><td>&nbsp; &nbsp; Alfredo<\/td><\/tr><tr><td>&nbsp; &nbsp; Incorporar l\u00ednea editorial del medio<\/td><td>Marco Antonio Enr\u00edquez Luis Tubon uno por semana se busc\u00f3 vincular a m\u00e1s personas, sin embargo no se concret\u00f3 por sus agendas<\/td><td>&nbsp; &nbsp; Alfredo- V\u00ecctor<\/td><\/tr><tr><td>&nbsp; Persistir en comunicadores institucionales para recabar informaci\u00f3n, como una fuente de informaci\u00f3n.<\/td><td>Shushufindi Cristian Proa\u00f1o regular Cuyabeno en vio 2 veces C\u00e1scales&nbsp; Liz Rodr\u00edguez 2 veces Gonzalo Pizarro no interesa<\/td><td>&nbsp; &nbsp; Alfredo, V\u00edctor<\/td><\/tr><tr><td><strong>&nbsp;<\/strong> <strong>META 2: Redise\u00f1ar la imagen promocional e identificaci\u00f3n y sus segmentos de El Comunicador <\/strong><strong><\/strong><\/td><\/tr><tr><td>&nbsp; Incorporar un segmento informativo comunitario<\/td><td>Se logr\u00f3 segmentar temas ambientales, culturales y coyunturales con el aporte de Celso Moreta y Klever Andy comunicadores comunitarios<\/td><td>&nbsp; &nbsp; Alfredo<\/td><\/tr><tr><td>&nbsp; Insertar y revisar la informaci\u00f3n de la p\u00e1gina web y redes sociales<\/td><td>&nbsp; De acuerdo a los tiempos un avance del 60% alimentando con informaci\u00f3n las redes sociales y la pagina web<\/td><td>&nbsp; Alfredo, Wilmer<\/td><\/tr><tr><td><strong>&nbsp;<\/strong> <strong>META 3: Incorporar en la agenda informativa los ejes tem\u00e1ticos considerados para el a\u00f1o 2021<\/strong><strong><\/strong><\/td><\/tr><tr><td>&nbsp; &nbsp; Mantener en agenda informativa los ejes tem\u00e1ticos, pol\u00edtica-econ\u00f3mica, pandemia, defensa de la naturaleza.<\/td><td>&nbsp; De acuerdo a los&nbsp; a la planificaci\u00f3n se consider\u00f3 1 Pandemia 2 Pol\u00edtica \u2013 econom\u00eda 3 Defensa de la naturaleza, se realiz\u00f3 producci\u00f3n tem\u00e1ticos &nbsp;<\/td><td>&nbsp; Alfredo V\u00edctor, equipo de productores<\/td><\/tr><tr><td>&nbsp; &nbsp; &nbsp; &nbsp; &nbsp; Elecciones 2021<\/td><td>Se abord\u00f3 mediante paneles, foros y entrevistas personalizas de acuerdo a un cronograma establecido por igual Se realiz\u00f3 cobertura y la transmisi\u00f3n continua hasta conocer los Resultados de asamble\u00edstas de Sucumb\u00edos con un avance del 65% &nbsp;<\/td><td>&nbsp; &nbsp; &nbsp; &nbsp; &nbsp; &nbsp; Alfredo, V\u00edctor, equipo de productores<\/td><\/tr><tr><td>&nbsp; Entrevistas a candidatos y candidatas a asamble\u00edstas, parlamentarios andinos y presidenciales<\/td><td>&nbsp; Durante el mes de enero febrero y marzo se realiz\u00f3 entrevistas individuales Paneles debates por bloques<\/td><td>&nbsp; Alfredo, V\u00edctor, equipo de productores<\/td><\/tr><tr><td>&nbsp; Paneles con candidatos a asamble\u00edstas por&nbsp; Sucumb\u00edos<\/td><td>&nbsp; Durante dos meses se estableci\u00f3 paneles entre candidatos<\/td><td>&nbsp; Alfredo, V\u00edctor, equipo de productores<\/td><\/tr><tr><td>&nbsp; 1 Reportaje sobre COVID-19 &nbsp; 1 Reportaje sobre Migraci\u00f3n &nbsp; 1 Reportaje sobre contaminaci\u00f3n a tev\u00e9s de mecheros de gas de petr\u00f3leo<\/td><td>&nbsp; Febrero <strong>&nbsp;<\/strong> Marzo &nbsp; Abril &nbsp; &nbsp;<\/td><td>&nbsp; Alfredo &nbsp; &nbsp; &nbsp; &nbsp; &nbsp; &nbsp; &nbsp;<\/td><\/tr><tr><td><strong>&nbsp;<\/strong> <strong>&nbsp;<\/strong> <strong>META 4: proporcionar m\u00e1s espacio a las comunidades<\/strong><strong><\/strong><\/td><\/tr><tr><td>&nbsp; &nbsp; Transmitir por Facebook live el espacio de Plaza P\u00fablica, &nbsp;<\/td><td><strong>&nbsp;<\/strong> Se recorri\u00f3 en al menos 60 comunidades de la provincia de Sucumb\u00edos y 10 comunidades de la provincia de Orellana Con transmisi\u00f3n constante de sus necesidades &nbsp;<\/td><td>&nbsp; Alfredo, Milton Moreno<\/td><\/tr><\/tbody><\/table><\/figure>\n","protected":false},"excerpt":{"rendered":"<p>SECRETARIA Se realiz\u00f3 anuncios de comunicados convocatorias, a instituciones educativas, comunidades cristianas, saludos personales, con un total de 80 avisos sin costo alguno. Durante el a\u00f1o fiscal 2021, se ha recibido un total de 100 invitaciones, en las que constan como: coberturas, ruedas de prensa, aniversarios de comunidades, boletines de prensa, etc. Se realiza la [&hellip;]<\/p>\n","protected":false},"author":2617,"featured_media":0,"parent":0,"menu_order":0,"comment_status":"closed","ping_status":"closed","template":"","meta":{"footnotes":""},"class_list":["post-3139","page","type-page","status-publish","hentry"],"_links":{"self":[{"href":"https:\/\/radiosucumbios.org.ec\/index.php?rest_route=\/wp\/v2\/pages\/3139","targetHints":{"allow":["GET"]}}],"collection":[{"href":"https:\/\/radiosucumbios.org.ec\/index.php?rest_route=\/wp\/v2\/pages"}],"about":[{"href":"https:\/\/radiosucumbios.org.ec\/index.php?rest_route=\/wp\/v2\/types\/page"}],"author":[{"embeddable":true,"href":"https:\/\/radiosucumbios.org.ec\/index.php?rest_route=\/wp\/v2\/users\/2617"}],"replies":[{"embeddable":true,"href":"https:\/\/radiosucumbios.org.ec\/index.php?rest_route=%2Fwp%2Fv2%2Fcomments&post=3139"}],"version-history":[{"count":5,"href":"https:\/\/radiosucumbios.org.ec\/index.php?rest_route=\/wp\/v2\/pages\/3139\/revisions"}],"predecessor-version":[{"id":3404,"href":"https:\/\/radiosucumbios.org.ec\/index.php?rest_route=\/wp\/v2\/pages\/3139\/revisions\/3404"}],"wp:attachment":[{"href":"https:\/\/radiosucumbios.org.ec\/index.php?rest_route=%2Fwp%2Fv2%2Fmedia&parent=3139"}],"curies":[{"name":"wp","href":"https:\/\/api.w.org\/{rel}","templated":true}]}}